{"id":90,"date":"2020-11-04T22:10:13","date_gmt":"2020-11-04T22:10:13","guid":{"rendered":"https:\/\/www.v-art.fr\/?p=90"},"modified":"2026-01-27T22:48:52","modified_gmt":"2026-01-27T22:48:52","slug":"beanie","status":"publish","type":"product","link":"https:\/\/www.v-art.fr\/?product=beanie","title":{"rendered":"\u2740 St\u00e9rile [disponible en fran\u00e7ais &#038; en anglais]"},"content":{"rendered":"<blockquote><p><img loading=\"lazy\" decoding=\"async\" class=\"alignnone size-full wp-image-2731\" src=\"https:\/\/www.v-art.fr\/wp-content\/uploads\/2020\/11\/IMG_20230109_1217151-scaled-e1698229901569.jpg\" alt=\"St\u00e9rile\" width=\"2380\" height=\"1902\" srcset=\"https:\/\/www.v-art.fr\/wp-content\/uploads\/2020\/11\/IMG_20230109_1217151-scaled-e1698229901569.jpg 2380w, https:\/\/www.v-art.fr\/wp-content\/uploads\/2020\/11\/IMG_20230109_1217151-scaled-e1698229901569-800x639.jpg 800w, https:\/\/www.v-art.fr\/wp-content\/uploads\/2020\/11\/IMG_20230109_1217151-scaled-e1698229901569-300x240.jpg 300w, https:\/\/www.v-art.fr\/wp-content\/uploads\/2020\/11\/IMG_20230109_1217151-scaled-e1698229901569-1024x818.jpg 1024w, https:\/\/www.v-art.fr\/wp-content\/uploads\/2020\/11\/IMG_20230109_1217151-scaled-e1698229901569-768x614.jpg 768w, https:\/\/www.v-art.fr\/wp-content\/uploads\/2020\/11\/IMG_20230109_1217151-scaled-e1698229901569-1536x1228.jpg 1536w, https:\/\/www.v-art.fr\/wp-content\/uploads\/2020\/11\/IMG_20230109_1217151-scaled-e1698229901569-2048x1637.jpg 2048w\" sizes=\"auto, (max-width: 2380px) 100vw, 2380px\" \/><\/p><\/blockquote>\n<figure id=\"attachment_2469\" aria-describedby=\"caption-attachment-2469\" style=\"width: 1287px\" class=\"wp-caption alignnone\"><img loading=\"lazy\" decoding=\"async\" class=\"size-full wp-image-2469\" src=\"https:\/\/www.v-art.fr\/wp-content\/uploads\/2022\/11\/CP_V\u2740_sterileanglais.jpg\" alt=\"\" width=\"1287\" height=\"1798\" srcset=\"https:\/\/www.v-art.fr\/wp-content\/uploads\/2022\/11\/CP_V\u2740_sterileanglais.jpg 1287w, https:\/\/www.v-art.fr\/wp-content\/uploads\/2022\/11\/CP_V\u2740_sterileanglais-800x1118.jpg 800w, https:\/\/www.v-art.fr\/wp-content\/uploads\/2022\/11\/CP_V\u2740_sterileanglais-215x300.jpg 215w, https:\/\/www.v-art.fr\/wp-content\/uploads\/2022\/11\/CP_V\u2740_sterileanglais-733x1024.jpg 733w, https:\/\/www.v-art.fr\/wp-content\/uploads\/2022\/11\/CP_V\u2740_sterileanglais-768x1073.jpg 768w, https:\/\/www.v-art.fr\/wp-content\/uploads\/2022\/11\/CP_V\u2740_sterileanglais-1099x1536.jpg 1099w\" sizes=\"auto, (max-width: 1287px) 100vw, 1287px\" \/><figcaption id=\"caption-attachment-2469\" class=\"wp-caption-text\">St\u00e9rile _ anglais<\/figcaption><\/figure>\n","protected":false},"excerpt":{"rendered":"<p>Dessin inspir\u00e9 d&rsquo;une exp\u00e9rimentation sociale v\u00e9cue en milieu professionnel. Carte postale \u00ab\u00a0St\u00e9rile\u00a0\u00bb \u00e9galement disponible en version anglaise (22 exemplaires). Publi\u00e9 dans Fakir. Diffusion Cartaroolotte.<\/p>\n<p>Impression 350 grammes, couleur, recto\/verso, couch\u00e9 mat sup\u00e9rieur.<\/p>\n<h4 style=\"text-align: center;\"><a href=\"https:\/\/www.v-art.fr\/?page_id=1117\">\u2740 RETOUR CARTASHOP<\/a><\/h4>\n","protected":false},"featured_media":2731,"comment_status":"closed","ping_status":"closed","template":"","meta":{"_uf_show_specific_survey":0,"_uf_disable_surveys":false,"jetpack_post_was_ever_published":true},"product_brand":[],"product_cat":[22],"product_tag":[93,92,91,104],"class_list":{"0":"post-90","1":"product","2":"type-product","3":"status-publish","4":"has-post-thumbnail","6":"product_cat-cartes-postales","7":"product_tag-carte-postale","8":"product_tag-dessin-dhumour","9":"product_tag-sterile","10":"product_tag-v","11":"product_shipping_class-ls","13":"first","14":"instock","15":"featured","16":"shipping-taxable","17":"purchasable","18":"product-type-simple"},"jetpack_sharing_enabled":true,"_links":{"self":[{"href":"https:\/\/www.v-art.fr\/index.php?rest_route=\/wp\/v2\/product\/90","targetHints":{"allow":["GET"]}}],"collection":[{"href":"https:\/\/www.v-art.fr\/index.php?rest_route=\/wp\/v2\/product"}],"about":[{"href":"https:\/\/www.v-art.fr\/index.php?rest_route=\/wp\/v2\/types\/product"}],"replies":[{"embeddable":true,"href":"https:\/\/www.v-art.fr\/index.php?rest_route=%2Fwp%2Fv2%2Fcomments&post=90"}],"wp:featuredmedia":[{"embeddable":true,"href":"https:\/\/www.v-art.fr\/index.php?rest_route=\/wp\/v2\/media\/2731"}],"wp:attachment":[{"href":"https:\/\/www.v-art.fr\/index.php?rest_route=%2Fwp%2Fv2%2Fmedia&parent=90"}],"wp:term":[{"taxonomy":"product_brand","embeddable":true,"href":"https:\/\/www.v-art.fr\/index.php?rest_route=%2Fwp%2Fv2%2Fproduct_brand&post=90"},{"taxonomy":"product_cat","embeddable":true,"href":"https:\/\/www.v-art.fr\/index.php?rest_route=%2Fwp%2Fv2%2Fproduct_cat&post=90"},{"taxonomy":"product_tag","embeddable":true,"href":"https:\/\/www.v-art.fr\/index.php?rest_route=%2Fwp%2Fv2%2Fproduct_tag&post=90"}],"curies":[{"name":"wp","href":"https:\/\/api.w.org\/{rel}","templated":true}]}}