{"id":4051,"date":"2025-10-29T09:36:23","date_gmt":"2025-10-29T09:36:23","guid":{"rendered":"https:\/\/www.v-art.fr\/?post_type=product&#038;p=4051"},"modified":"2026-01-27T22:45:55","modified_gmt":"2026-01-27T22:45:55","slug":"4051","status":"publish","type":"product","link":"https:\/\/www.v-art.fr\/?product=4051","title":{"rendered":"\u2740 Linogravures \u00ab\u00a0Flo\u00a0\u00bb en \u00e9dition tr\u00e8s limit\u00e9e et \u00e0 Prix Libre !!"},"content":{"rendered":"<p><img loading=\"lazy\" decoding=\"async\" class=\"alignnone wp-image-4052 size-large\" src=\"https:\/\/www.v-art.fr\/wp-content\/uploads\/2025\/10\/WhatsApp-Image-2025-10-29-at-10.05.244-1024x574.jpeg\" alt=\"Linogravure de mon c\u00e9l\u00e8bre dessin &quot;Flo&quot;, inspir\u00e9e de la grande et talentueuse autrice Florence Braud.\" width=\"640\" height=\"359\" srcset=\"https:\/\/www.v-art.fr\/wp-content\/uploads\/2025\/10\/WhatsApp-Image-2025-10-29-at-10.05.244-1024x574.jpeg 1024w, https:\/\/www.v-art.fr\/wp-content\/uploads\/2025\/10\/WhatsApp-Image-2025-10-29-at-10.05.244-800x449.jpeg 800w, https:\/\/www.v-art.fr\/wp-content\/uploads\/2025\/10\/WhatsApp-Image-2025-10-29-at-10.05.244-300x168.jpeg 300w, https:\/\/www.v-art.fr\/wp-content\/uploads\/2025\/10\/WhatsApp-Image-2025-10-29-at-10.05.244-768x431.jpeg 768w, https:\/\/www.v-art.fr\/wp-content\/uploads\/2025\/10\/WhatsApp-Image-2025-10-29-at-10.05.244-1536x861.jpeg 1536w, https:\/\/www.v-art.fr\/wp-content\/uploads\/2025\/10\/WhatsApp-Image-2025-10-29-at-10.05.244.jpeg 1600w\" sizes=\"auto, (max-width: 640px) 100vw, 640px\" \/> \u00a0\u00a0\u00a0<img loading=\"lazy\" decoding=\"async\" class=\"alignnone size-medium wp-image-4055\" src=\"https:\/\/www.v-art.fr\/wp-content\/uploads\/2025\/10\/WhatsApp-Image-2025-10-29-at-10.05.241-168x300.jpeg\" alt=\"\" width=\"168\" height=\"300\" srcset=\"https:\/\/www.v-art.fr\/wp-content\/uploads\/2025\/10\/WhatsApp-Image-2025-10-29-at-10.05.241-168x300.jpeg 168w, https:\/\/www.v-art.fr\/wp-content\/uploads\/2025\/10\/WhatsApp-Image-2025-10-29-at-10.05.241-800x1427.jpeg 800w, https:\/\/www.v-art.fr\/wp-content\/uploads\/2025\/10\/WhatsApp-Image-2025-10-29-at-10.05.241-574x1024.jpeg 574w, https:\/\/www.v-art.fr\/wp-content\/uploads\/2025\/10\/WhatsApp-Image-2025-10-29-at-10.05.241-768x1370.jpeg 768w, https:\/\/www.v-art.fr\/wp-content\/uploads\/2025\/10\/WhatsApp-Image-2025-10-29-at-10.05.241-861x1536.jpeg 861w, https:\/\/www.v-art.fr\/wp-content\/uploads\/2025\/10\/WhatsApp-Image-2025-10-29-at-10.05.241.jpeg 897w\" sizes=\"auto, (max-width: 168px) 100vw, 168px\" \/><img loading=\"lazy\" decoding=\"async\" class=\"alignnone size-medium wp-image-4054\" src=\"https:\/\/www.v-art.fr\/wp-content\/uploads\/2025\/10\/WhatsApp-Image-2025-10-29-at-10.05.242-168x300.jpeg\" alt=\"\" width=\"168\" height=\"300\" srcset=\"https:\/\/www.v-art.fr\/wp-content\/uploads\/2025\/10\/WhatsApp-Image-2025-10-29-at-10.05.242-168x300.jpeg 168w, https:\/\/www.v-art.fr\/wp-content\/uploads\/2025\/10\/WhatsApp-Image-2025-10-29-at-10.05.242-800x1427.jpeg 800w, https:\/\/www.v-art.fr\/wp-content\/uploads\/2025\/10\/WhatsApp-Image-2025-10-29-at-10.05.242-574x1024.jpeg 574w, https:\/\/www.v-art.fr\/wp-content\/uploads\/2025\/10\/WhatsApp-Image-2025-10-29-at-10.05.242-768x1370.jpeg 768w, https:\/\/www.v-art.fr\/wp-content\/uploads\/2025\/10\/WhatsApp-Image-2025-10-29-at-10.05.242-861x1536.jpeg 861w, https:\/\/www.v-art.fr\/wp-content\/uploads\/2025\/10\/WhatsApp-Image-2025-10-29-at-10.05.242.jpeg 897w\" sizes=\"auto, (max-width: 168px) 100vw, 168px\" \/><\/p>\n","protected":false},"excerpt":{"rendered":"<p style=\"text-align: center;\">2 nouveaut\u00e9s dans ma boutique en ligne: tout d&rsquo;abord, ma premi\u00e8re linogravure r\u00e9alis\u00e9e avec l&rsquo;aide de la g\u00e9n\u00e9reuse et talentueuse dessinatrice &amp; graveuse <a href=\"https:\/\/www.instagram.com\/79_au_carre\/\" target=\"_blank\" rel=\"noopener\">Aurore Nardot<\/a> !! Et la deuxi\u00e8me, c&rsquo;est la mise en place du \u00ab\u00a0Prix Libre &amp; inconscient\u00a0\u00bb youpiiiiiiiiiiiiiiiii (Merci Cat pour la trop bonne id\u00e9e !!!)<\/p>\n<p style=\"text-align: center;\">Et oui, c&rsquo;est bon de rigoler, pas vrai? Blague \u00e0 part, y&rsquo;en a pas! L\u00e2chez-vous, faites-vous plaisir en vous offrant la reproduction iconique du portrait de Florence Braud, c\u00e9l\u00e8bre \u00e9crivaine de l&#8217;empathie dont vous pouvez trouver le premier ouvrage dans toutes les bonnes librairies <a href=\"https:\/\/flofortinbraud.fr\/\" target=\"_blank\" rel=\"noopener\">\u00ab\u00a0Vieillir, une affaire de femmes?\u00a0\u00bb<\/a><\/p>\n<p style=\"text-align: center;\"><a href=\"https:\/\/www.v-art.fr\/?product=flo\" target=\"_blank\" rel=\"noopener\">Cette linogravure est bien s\u00fbr issue de mon c\u00e9l\u00e8bre dessin \u00ab\u00a0Flo\u00a0\u00bb que vous pouvez toujours retrouver dans ma joyeuse Cartashop !<\/a><\/p>\n<p style=\"text-align: center;\"><strong>Merci de bien vouloir indiquer le choix de votre couleur dans la note de commande qui s&rsquo;affichera<\/strong><\/p>\n<p style=\"text-align: center;\"><strong> lors de la finalisation de votre panier!<\/strong><\/p>\n<p>&nbsp;<\/p>\n","protected":false},"featured_media":4058,"comment_status":"open","ping_status":"closed","template":"","meta":{"_uf_show_specific_survey":0,"_uf_disable_surveys":false,"jetpack_post_was_ever_published":false},"product_brand":[],"product_cat":[22,147],"product_tag":[144,146,145,143],"class_list":{"0":"post-4051","1":"product","2":"type-product","3":"status-publish","4":"has-post-thumbnail","6":"product_cat-cartes-postales","7":"product_cat-le-coin-des-copaingues","8":"product_tag-flo","9":"product_tag-florence-braud","10":"product_tag-gravure","11":"product_tag-linogravure","12":"product_shipping_class-ls","14":"first","15":"instock","16":"featured","17":"shipping-taxable","18":"purchasable","19":"product-type-simple"},"jetpack_sharing_enabled":true,"_links":{"self":[{"href":"https:\/\/www.v-art.fr\/index.php?rest_route=\/wp\/v2\/product\/4051","targetHints":{"allow":["GET"]}}],"collection":[{"href":"https:\/\/www.v-art.fr\/index.php?rest_route=\/wp\/v2\/product"}],"about":[{"href":"https:\/\/www.v-art.fr\/index.php?rest_route=\/wp\/v2\/types\/product"}],"replies":[{"embeddable":true,"href":"https:\/\/www.v-art.fr\/index.php?rest_route=%2Fwp%2Fv2%2Fcomments&post=4051"}],"wp:featuredmedia":[{"embeddable":true,"href":"https:\/\/www.v-art.fr\/index.php?rest_route=\/wp\/v2\/media\/4058"}],"wp:attachment":[{"href":"https:\/\/www.v-art.fr\/index.php?rest_route=%2Fwp%2Fv2%2Fmedia&parent=4051"}],"wp:term":[{"taxonomy":"product_brand","embeddable":true,"href":"https:\/\/www.v-art.fr\/index.php?rest_route=%2Fwp%2Fv2%2Fproduct_brand&post=4051"},{"taxonomy":"product_cat","embeddable":true,"href":"https:\/\/www.v-art.fr\/index.php?rest_route=%2Fwp%2Fv2%2Fproduct_cat&post=4051"},{"taxonomy":"product_tag","embeddable":true,"href":"https:\/\/www.v-art.fr\/index.php?rest_route=%2Fwp%2Fv2%2Fproduct_tag&post=4051"}],"curies":[{"name":"wp","href":"https:\/\/api.w.org\/{rel}","templated":true}]}}