{"id":3768,"date":"2025-05-27T15:29:45","date_gmt":"2025-05-27T15:29:45","guid":{"rendered":"https:\/\/www.v-art.fr\/?post_type=product&#038;p=3768"},"modified":"2026-01-27T22:45:55","modified_gmt":"2026-01-27T22:45:55","slug":"%e2%9d%80-nouveau-genre","status":"publish","type":"product","link":"https:\/\/www.v-art.fr\/?product=%e2%9d%80-nouveau-genre","title":{"rendered":"\u2740 Nouveau Genre"},"content":{"rendered":"<p><img loading=\"lazy\" decoding=\"async\" class=\"aligncenter wp-image-3761 size-large\" src=\"https:\/\/www.v-art.fr\/wp-content\/uploads\/2025\/05\/IMG_20250527_171204-1024x617.jpg\" alt=\"\" width=\"640\" height=\"386\" srcset=\"https:\/\/www.v-art.fr\/wp-content\/uploads\/2025\/05\/IMG_20250527_171204-1024x617.jpg 1024w, https:\/\/www.v-art.fr\/wp-content\/uploads\/2025\/05\/IMG_20250527_171204-scaled-800x482.jpg 800w, https:\/\/www.v-art.fr\/wp-content\/uploads\/2025\/05\/IMG_20250527_171204-300x181.jpg 300w, https:\/\/www.v-art.fr\/wp-content\/uploads\/2025\/05\/IMG_20250527_171204-768x462.jpg 768w, https:\/\/www.v-art.fr\/wp-content\/uploads\/2025\/05\/IMG_20250527_171204-1536x925.jpg 1536w, https:\/\/www.v-art.fr\/wp-content\/uploads\/2025\/05\/IMG_20250527_171204-2048x1233.jpg 2048w\" sizes=\"auto, (max-width: 640px) 100vw, 640px\" \/><\/p>\n","protected":false},"excerpt":{"rendered":"<p>Dessin largement diffus\u00e9 sur les r\u00e9seaux. Diffusion Cartaroolotte.<\/p>\n<p>Format 10\/15 cm. Impression recto\/verso en quadrichromie (couleur) sur papier couch\u00e9 Mat sup\u00e9rieur 350 g\/m\u00b2. Imprim\u00e9 en France sur du papier issu de for\u00eats g\u00e9r\u00e9es durablement (FSC, PEFC).<\/p>\n<h3 style=\"text-align: center;\"><a href=\"https:\/\/www.v-art.fr\/?page_id=1117\">\u2740 RETOUR CARTASHOP<\/a><\/h3>\n<p>&nbsp;<\/p>\n<p>&nbsp;<\/p>\n<p>&nbsp;<\/p>\n","protected":false},"featured_media":3761,"comment_status":"open","ping_status":"closed","template":"","meta":{"_uf_show_specific_survey":0,"_uf_disable_surveys":false,"jetpack_post_was_ever_published":true},"product_brand":[],"product_cat":[22],"product_tag":[140,93,92,114,104],"class_list":{"0":"post-3768","1":"product","2":"type-product","3":"status-publish","4":"has-post-thumbnail","6":"product_cat-cartes-postales","7":"product_tag--cartashop","8":"product_tag-carte-postale","9":"product_tag-dessin-dhumour","10":"product_tag-usine","11":"product_tag-v","12":"product_shipping_class-ls","14":"first","15":"instock","16":"featured","17":"shipping-taxable","18":"purchasable","19":"product-type-simple"},"jetpack_sharing_enabled":true,"_links":{"self":[{"href":"https:\/\/www.v-art.fr\/index.php?rest_route=\/wp\/v2\/product\/3768","targetHints":{"allow":["GET"]}}],"collection":[{"href":"https:\/\/www.v-art.fr\/index.php?rest_route=\/wp\/v2\/product"}],"about":[{"href":"https:\/\/www.v-art.fr\/index.php?rest_route=\/wp\/v2\/types\/product"}],"replies":[{"embeddable":true,"href":"https:\/\/www.v-art.fr\/index.php?rest_route=%2Fwp%2Fv2%2Fcomments&post=3768"}],"wp:featuredmedia":[{"embeddable":true,"href":"https:\/\/www.v-art.fr\/index.php?rest_route=\/wp\/v2\/media\/3761"}],"wp:attachment":[{"href":"https:\/\/www.v-art.fr\/index.php?rest_route=%2Fwp%2Fv2%2Fmedia&parent=3768"}],"wp:term":[{"taxonomy":"product_brand","embeddable":true,"href":"https:\/\/www.v-art.fr\/index.php?rest_route=%2Fwp%2Fv2%2Fproduct_brand&post=3768"},{"taxonomy":"product_cat","embeddable":true,"href":"https:\/\/www.v-art.fr\/index.php?rest_route=%2Fwp%2Fv2%2Fproduct_cat&post=3768"},{"taxonomy":"product_tag","embeddable":true,"href":"https:\/\/www.v-art.fr\/index.php?rest_route=%2Fwp%2Fv2%2Fproduct_tag&post=3768"}],"curies":[{"name":"wp","href":"https:\/\/api.w.org\/{rel}","templated":true}]}}