{"id":3766,"date":"2025-05-27T15:23:11","date_gmt":"2025-05-27T15:23:11","guid":{"rendered":"https:\/\/www.v-art.fr\/?post_type=product&#038;p=3766"},"modified":"2026-01-27T22:45:55","modified_gmt":"2026-01-27T22:45:55","slug":"%e2%9d%80-spa","status":"publish","type":"product","link":"https:\/\/www.v-art.fr\/?product=%e2%9d%80-spa","title":{"rendered":"\u2740 Spa"},"content":{"rendered":"<p><img loading=\"lazy\" decoding=\"async\" class=\"alignnone size-large wp-image-3762\" src=\"https:\/\/www.v-art.fr\/wp-content\/uploads\/2025\/05\/IMG_20250527_171149-1024x649.jpg\" alt=\"\" width=\"640\" height=\"406\" srcset=\"https:\/\/www.v-art.fr\/wp-content\/uploads\/2025\/05\/IMG_20250527_171149-1024x649.jpg 1024w, https:\/\/www.v-art.fr\/wp-content\/uploads\/2025\/05\/IMG_20250527_171149-scaled-800x507.jpg 800w, https:\/\/www.v-art.fr\/wp-content\/uploads\/2025\/05\/IMG_20250527_171149-300x190.jpg 300w, https:\/\/www.v-art.fr\/wp-content\/uploads\/2025\/05\/IMG_20250527_171149-768x487.jpg 768w, https:\/\/www.v-art.fr\/wp-content\/uploads\/2025\/05\/IMG_20250527_171149-1536x974.jpg 1536w, https:\/\/www.v-art.fr\/wp-content\/uploads\/2025\/05\/IMG_20250527_171149-2048x1298.jpg 2048w\" sizes=\"auto, (max-width: 640px) 100vw, 640px\" \/><\/p>\n","protected":false},"excerpt":{"rendered":"<p>Dessin pour la SPA en hommage \u00e0 mon pote G\u00e9rald et \u00e0 son chien trop dr\u00f4le Bigoodi, unit\u00e9 du Morbihan (56). Diffusion Cartaroolotte.<\/p>\n<p>Format 10\/15 cm. Impression recto\/verso en quadrichromie (couleur) sur papier couch\u00e9 Mat sup\u00e9rieur 350 g\/m\u00b2. Imprim\u00e9 en France sur du papier issu de for\u00eats g\u00e9r\u00e9es durablement (FSC, PEFC).<\/p>\n<h3 style=\"text-align: center;\"><a href=\"https:\/\/www.v-art.fr\/?page_id=1117\">\u2740 RETOUR CARTASHOP<\/a><\/h3>\n<p>&nbsp;<\/p>\n<p>&nbsp;<\/p>\n<p>&nbsp;<\/p>\n","protected":false},"featured_media":3762,"comment_status":"open","ping_status":"closed","template":"","meta":{"_uf_show_specific_survey":0,"_uf_disable_surveys":false,"jetpack_post_was_ever_published":true},"product_brand":[],"product_cat":[22],"product_tag":[93,92,114,104],"class_list":{"0":"post-3766","1":"product","2":"type-product","3":"status-publish","4":"has-post-thumbnail","6":"product_cat-cartes-postales","7":"product_tag-carte-postale","8":"product_tag-dessin-dhumour","9":"product_tag-usine","10":"product_tag-v","11":"product_shipping_class-ls","13":"first","14":"instock","15":"featured","16":"shipping-taxable","17":"purchasable","18":"product-type-simple"},"jetpack_sharing_enabled":true,"_links":{"self":[{"href":"https:\/\/www.v-art.fr\/index.php?rest_route=\/wp\/v2\/product\/3766","targetHints":{"allow":["GET"]}}],"collection":[{"href":"https:\/\/www.v-art.fr\/index.php?rest_route=\/wp\/v2\/product"}],"about":[{"href":"https:\/\/www.v-art.fr\/index.php?rest_route=\/wp\/v2\/types\/product"}],"replies":[{"embeddable":true,"href":"https:\/\/www.v-art.fr\/index.php?rest_route=%2Fwp%2Fv2%2Fcomments&post=3766"}],"wp:featuredmedia":[{"embeddable":true,"href":"https:\/\/www.v-art.fr\/index.php?rest_route=\/wp\/v2\/media\/3762"}],"wp:attachment":[{"href":"https:\/\/www.v-art.fr\/index.php?rest_route=%2Fwp%2Fv2%2Fmedia&parent=3766"}],"wp:term":[{"taxonomy":"product_brand","embeddable":true,"href":"https:\/\/www.v-art.fr\/index.php?rest_route=%2Fwp%2Fv2%2Fproduct_brand&post=3766"},{"taxonomy":"product_cat","embeddable":true,"href":"https:\/\/www.v-art.fr\/index.php?rest_route=%2Fwp%2Fv2%2Fproduct_cat&post=3766"},{"taxonomy":"product_tag","embeddable":true,"href":"https:\/\/www.v-art.fr\/index.php?rest_route=%2Fwp%2Fv2%2Fproduct_tag&post=3766"}],"curies":[{"name":"wp","href":"https:\/\/api.w.org\/{rel}","templated":true}]}}