{"id":3570,"date":"2024-12-10T16:16:07","date_gmt":"2024-12-10T16:16:07","guid":{"rendered":"https:\/\/www.v-art.fr\/?post_type=product&#038;p=3570"},"modified":"2026-01-27T22:48:51","modified_gmt":"2026-01-27T22:48:51","slug":"%e2%9d%80-punkachienne","status":"publish","type":"product","link":"https:\/\/www.v-art.fr\/?product=%e2%9d%80-punkachienne","title":{"rendered":"\u2740 Punkachienne"},"content":{"rendered":"<p><img loading=\"lazy\" decoding=\"async\" class=\"alignnone wp-image-3567 size-full\" src=\"https:\/\/www.v-art.fr\/wp-content\/uploads\/2024\/12\/IMG_20241210_165844-scaled.jpg\" alt=\"\" width=\"2560\" height=\"1928\" srcset=\"https:\/\/www.v-art.fr\/wp-content\/uploads\/2024\/12\/IMG_20241210_165844-scaled.jpg 2560w, https:\/\/www.v-art.fr\/wp-content\/uploads\/2024\/12\/IMG_20241210_165844-scaled-800x603.jpg 800w, https:\/\/www.v-art.fr\/wp-content\/uploads\/2024\/12\/IMG_20241210_165844-300x226.jpg 300w, https:\/\/www.v-art.fr\/wp-content\/uploads\/2024\/12\/IMG_20241210_165844-1024x771.jpg 1024w, https:\/\/www.v-art.fr\/wp-content\/uploads\/2024\/12\/IMG_20241210_165844-768x578.jpg 768w, https:\/\/www.v-art.fr\/wp-content\/uploads\/2024\/12\/IMG_20241210_165844-1536x1157.jpg 1536w, https:\/\/www.v-art.fr\/wp-content\/uploads\/2024\/12\/IMG_20241210_165844-2048x1542.jpg 2048w\" sizes=\"auto, (max-width: 2560px) 100vw, 2560px\" \/><\/p>\n<p style=\"text-align: left;\">\n","protected":false},"excerpt":{"rendered":"<p>Dessin extrait de l&rsquo;\u00e9pisode \u00ab\u00a0Punkachienne\u00a0\u00bb de Bagasse &amp; Patavate.<\/p>\n<p>Format 10\/15 cm. Impression recto\/verso en quadrichromie (couleur) sur papier couch\u00e9 Mat sup\u00e9rieur 350 g\/m\u00b2. Imprim\u00e9 en France avec du papier issu de for\u00eats g\u00e9r\u00e9es durablement (FSC, PEFC).<\/p>\n<h4 style=\"text-align: center;\"><a href=\"https:\/\/www.v-art.fr\/?page_id=1117\">\u2740 RETOUR CARTASHOP<\/a><\/h4>\n","protected":false},"featured_media":3567,"comment_status":"open","ping_status":"closed","template":"","meta":{"_uf_show_specific_survey":0,"_uf_disable_surveys":false,"jetpack_post_was_ever_published":true},"product_brand":[],"product_cat":[22],"product_tag":[130,93,104],"class_list":{"0":"post-3570","1":"product","2":"type-product","3":"status-publish","4":"has-post-thumbnail","6":"product_cat-cartes-postales","7":"product_tag-bagassetpatavate","8":"product_tag-carte-postale","9":"product_tag-v","10":"product_shipping_class-ls","12":"first","13":"instock","14":"featured","15":"shipping-taxable","16":"purchasable","17":"product-type-simple"},"jetpack_sharing_enabled":true,"_links":{"self":[{"href":"https:\/\/www.v-art.fr\/index.php?rest_route=\/wp\/v2\/product\/3570","targetHints":{"allow":["GET"]}}],"collection":[{"href":"https:\/\/www.v-art.fr\/index.php?rest_route=\/wp\/v2\/product"}],"about":[{"href":"https:\/\/www.v-art.fr\/index.php?rest_route=\/wp\/v2\/types\/product"}],"replies":[{"embeddable":true,"href":"https:\/\/www.v-art.fr\/index.php?rest_route=%2Fwp%2Fv2%2Fcomments&post=3570"}],"wp:featuredmedia":[{"embeddable":true,"href":"https:\/\/www.v-art.fr\/index.php?rest_route=\/wp\/v2\/media\/3567"}],"wp:attachment":[{"href":"https:\/\/www.v-art.fr\/index.php?rest_route=%2Fwp%2Fv2%2Fmedia&parent=3570"}],"wp:term":[{"taxonomy":"product_brand","embeddable":true,"href":"https:\/\/www.v-art.fr\/index.php?rest_route=%2Fwp%2Fv2%2Fproduct_brand&post=3570"},{"taxonomy":"product_cat","embeddable":true,"href":"https:\/\/www.v-art.fr\/index.php?rest_route=%2Fwp%2Fv2%2Fproduct_cat&post=3570"},{"taxonomy":"product_tag","embeddable":true,"href":"https:\/\/www.v-art.fr\/index.php?rest_route=%2Fwp%2Fv2%2Fproduct_tag&post=3570"}],"curies":[{"name":"wp","href":"https:\/\/api.w.org\/{rel}","templated":true}]}}