{"id":3254,"date":"2025-01-08T13:20:29","date_gmt":"2025-01-08T13:20:29","guid":{"rendered":"https:\/\/www.v-art.fr\/?post_type=product&#038;p=3254"},"modified":"2026-01-27T22:45:57","modified_gmt":"2026-01-27T22:45:57","slug":"%e2%9d%80-jupacaca","status":"publish","type":"product","link":"https:\/\/www.v-art.fr\/?product=%e2%9d%80-jupacaca","title":{"rendered":"\u2740 Jupacaca"},"content":{"rendered":"<figure id=\"attachment_3257\" aria-describedby=\"caption-attachment-3257\" style=\"width: 2560px\" class=\"wp-caption alignnone\"><img loading=\"lazy\" decoding=\"async\" class=\"wp-image-3257 size-full\" src=\"https:\/\/www.v-art.fr\/wp-content\/uploads\/2024\/11\/Jupacaca-scaled.jpg\" alt=\"\" width=\"2560\" height=\"1928\" srcset=\"https:\/\/www.v-art.fr\/wp-content\/uploads\/2024\/11\/Jupacaca-scaled.jpg 2560w, https:\/\/www.v-art.fr\/wp-content\/uploads\/2024\/11\/Jupacaca-scaled-800x603.jpg 800w, https:\/\/www.v-art.fr\/wp-content\/uploads\/2024\/11\/Jupacaca-300x226.jpg 300w, https:\/\/www.v-art.fr\/wp-content\/uploads\/2024\/11\/Jupacaca-1024x771.jpg 1024w, https:\/\/www.v-art.fr\/wp-content\/uploads\/2024\/11\/Jupacaca-768x578.jpg 768w, https:\/\/www.v-art.fr\/wp-content\/uploads\/2024\/11\/Jupacaca-1536x1157.jpg 1536w, https:\/\/www.v-art.fr\/wp-content\/uploads\/2024\/11\/Jupacaca-2048x1542.jpg 2048w\" sizes=\"auto, (max-width: 2560px) 100vw, 2560px\" \/><figcaption id=\"caption-attachment-3257\" class=\"wp-caption-text\">Extrait de l&rsquo;\u00e9pisode \u00ab\u00a0Jupacaca\u00a0\u00bb de Bagasse &amp; Patavate.<\/figcaption><\/figure>\n","protected":false},"excerpt":{"rendered":"<p>Dessin extrait de l&rsquo;\u00e9pisode \u00ab\u00a0Jupacaca\u00a0\u00bb de Bagasse &amp; Patavate, les nouveaux h\u00e9ros de la joie de vivre!<\/p>\n<p>Format 10\/15 cm. Impression recto\/verso en quadrichromie (couleur) sur papier couch\u00e9 Mat sup\u00e9rieur 350 g\/m\u00b2. Imprim\u00e9 en France sur du papier issu de for\u00eats g\u00e9r\u00e9es durablement (FSC, PEFC). Diffusion Cartaroolotte par V\u2740.<\/p>\n<p><a href=\"https:\/\/www.v-art.fr\/?page_id=1117\">\u2740 RETOUR CARTASHOP<\/a><\/p>\n<p>&nbsp;<\/p>\n<p>&nbsp;<\/p>\n<p>&nbsp;<\/p>\n","protected":false},"featured_media":3257,"comment_status":"open","ping_status":"closed","template":"","meta":{"_uf_show_specific_survey":0,"_uf_disable_surveys":false,"jetpack_post_was_ever_published":true},"product_brand":[],"product_cat":[22],"product_tag":[119,93,92,118,114,104],"class_list":{"0":"post-3254","1":"product","2":"type-product","3":"status-publish","4":"has-post-thumbnail","6":"product_cat-cartes-postales","7":"product_tag-bagasse-patavate","8":"product_tag-carte-postale","9":"product_tag-dessin-dhumour","10":"product_tag-stickers","11":"product_tag-usine","12":"product_tag-v","13":"product_shipping_class-ls","15":"first","16":"instock","17":"featured","18":"shipping-taxable","19":"purchasable","20":"product-type-simple"},"jetpack_sharing_enabled":true,"_links":{"self":[{"href":"https:\/\/www.v-art.fr\/index.php?rest_route=\/wp\/v2\/product\/3254","targetHints":{"allow":["GET"]}}],"collection":[{"href":"https:\/\/www.v-art.fr\/index.php?rest_route=\/wp\/v2\/product"}],"about":[{"href":"https:\/\/www.v-art.fr\/index.php?rest_route=\/wp\/v2\/types\/product"}],"replies":[{"embeddable":true,"href":"https:\/\/www.v-art.fr\/index.php?rest_route=%2Fwp%2Fv2%2Fcomments&post=3254"}],"wp:featuredmedia":[{"embeddable":true,"href":"https:\/\/www.v-art.fr\/index.php?rest_route=\/wp\/v2\/media\/3257"}],"wp:attachment":[{"href":"https:\/\/www.v-art.fr\/index.php?rest_route=%2Fwp%2Fv2%2Fmedia&parent=3254"}],"wp:term":[{"taxonomy":"product_brand","embeddable":true,"href":"https:\/\/www.v-art.fr\/index.php?rest_route=%2Fwp%2Fv2%2Fproduct_brand&post=3254"},{"taxonomy":"product_cat","embeddable":true,"href":"https:\/\/www.v-art.fr\/index.php?rest_route=%2Fwp%2Fv2%2Fproduct_cat&post=3254"},{"taxonomy":"product_tag","embeddable":true,"href":"https:\/\/www.v-art.fr\/index.php?rest_route=%2Fwp%2Fv2%2Fproduct_tag&post=3254"}],"curies":[{"name":"wp","href":"https:\/\/api.w.org\/{rel}","templated":true}]}}