{"id":3199,"date":"2025-01-08T13:20:30","date_gmt":"2025-01-08T13:20:30","guid":{"rendered":"https:\/\/www.v-art.fr\/?post_type=product&#038;p=3199"},"modified":"2026-01-27T22:45:56","modified_gmt":"2026-01-27T22:45:56","slug":"douche-damour","status":"publish","type":"product","link":"https:\/\/www.v-art.fr\/?product=douche-damour","title":{"rendered":"\u2740 Douche d&rsquo;amour"},"content":{"rendered":"<figure id=\"attachment_3200\" aria-describedby=\"caption-attachment-3200\" style=\"width: 2560px\" class=\"wp-caption alignnone\"><img loading=\"lazy\" decoding=\"async\" class=\"wp-image-3200 size-full\" src=\"https:\/\/www.v-art.fr\/wp-content\/uploads\/2024\/10\/IMG_20230111_115357-scaled.jpg\" alt=\"\" width=\"2560\" height=\"1920\" srcset=\"https:\/\/www.v-art.fr\/wp-content\/uploads\/2024\/10\/IMG_20230111_115357-scaled.jpg 2560w, https:\/\/www.v-art.fr\/wp-content\/uploads\/2024\/10\/IMG_20230111_115357-scaled-800x600.jpg 800w, https:\/\/www.v-art.fr\/wp-content\/uploads\/2024\/10\/IMG_20230111_115357-300x225.jpg 300w, https:\/\/www.v-art.fr\/wp-content\/uploads\/2024\/10\/IMG_20230111_115357-1024x768.jpg 1024w, https:\/\/www.v-art.fr\/wp-content\/uploads\/2024\/10\/IMG_20230111_115357-768x576.jpg 768w, https:\/\/www.v-art.fr\/wp-content\/uploads\/2024\/10\/IMG_20230111_115357-1536x1152.jpg 1536w, https:\/\/www.v-art.fr\/wp-content\/uploads\/2024\/10\/IMG_20230111_115357-2048x1536.jpg 2048w\" sizes=\"auto, (max-width: 2560px) 100vw, 2560px\" \/><figcaption id=\"caption-attachment-3200\" class=\"wp-caption-text\">Dessin r\u00e9alis\u00e9 en hommage au jeune R\u00e9mi Fraisse. Publication Z\u00e9lium et diffusion Cartaroolotte.<\/figcaption><\/figure>\n","protected":false},"excerpt":{"rendered":"<p>Dessin r\u00e9alis\u00e9 en hommage au jeune R\u00e9mi Fraisse. Publication Z\u00e9lium, R\u00e9seaux sociaux et diffusion Cartaroolotte.<\/p>\n<p>Format 10\/15 cm. Impression recto\/verso en quadrichromie (couleur) sur papier couch\u00e9 Mat sup\u00e9rieur 350 g\/m\u00b2. Imprim\u00e9 en France sur du papier issu de for\u00eats g\u00e9r\u00e9es durablement (FSC, PEFC). Diffusion Cartaroolotte par V\u2740.<\/p>\n<h4 style=\"text-align: center;\"><a href=\"https:\/\/www.v-art.fr\/?page_id=1117\">\u2740 RETOUR CARTASHOP<\/a><\/h4>\n<p>&nbsp;<\/p>\n<p>&nbsp;<\/p>\n<p>&nbsp;<\/p>\n<p>&nbsp;<\/p>\n","protected":false},"featured_media":3200,"comment_status":"open","ping_status":"closed","template":"","meta":{"_uf_show_specific_survey":0,"_uf_disable_surveys":false,"jetpack_post_was_ever_published":true},"product_brand":[],"product_cat":[22],"product_tag":[93,92,114,104],"class_list":{"0":"post-3199","1":"product","2":"type-product","3":"status-publish","4":"has-post-thumbnail","6":"product_cat-cartes-postales","7":"product_tag-carte-postale","8":"product_tag-dessin-dhumour","9":"product_tag-usine","10":"product_tag-v","11":"product_shipping_class-ls","13":"first","14":"instock","15":"featured","16":"shipping-taxable","17":"purchasable","18":"product-type-simple"},"jetpack_sharing_enabled":true,"_links":{"self":[{"href":"https:\/\/www.v-art.fr\/index.php?rest_route=\/wp\/v2\/product\/3199","targetHints":{"allow":["GET"]}}],"collection":[{"href":"https:\/\/www.v-art.fr\/index.php?rest_route=\/wp\/v2\/product"}],"about":[{"href":"https:\/\/www.v-art.fr\/index.php?rest_route=\/wp\/v2\/types\/product"}],"replies":[{"embeddable":true,"href":"https:\/\/www.v-art.fr\/index.php?rest_route=%2Fwp%2Fv2%2Fcomments&post=3199"}],"wp:featuredmedia":[{"embeddable":true,"href":"https:\/\/www.v-art.fr\/index.php?rest_route=\/wp\/v2\/media\/3200"}],"wp:attachment":[{"href":"https:\/\/www.v-art.fr\/index.php?rest_route=%2Fwp%2Fv2%2Fmedia&parent=3199"}],"wp:term":[{"taxonomy":"product_brand","embeddable":true,"href":"https:\/\/www.v-art.fr\/index.php?rest_route=%2Fwp%2Fv2%2Fproduct_brand&post=3199"},{"taxonomy":"product_cat","embeddable":true,"href":"https:\/\/www.v-art.fr\/index.php?rest_route=%2Fwp%2Fv2%2Fproduct_cat&post=3199"},{"taxonomy":"product_tag","embeddable":true,"href":"https:\/\/www.v-art.fr\/index.php?rest_route=%2Fwp%2Fv2%2Fproduct_tag&post=3199"}],"curies":[{"name":"wp","href":"https:\/\/api.w.org\/{rel}","templated":true}]}}