{"id":3176,"date":"2025-01-08T13:20:31","date_gmt":"2025-01-08T13:20:31","guid":{"rendered":"https:\/\/www.v-art.fr\/?post_type=product&#038;p=3176"},"modified":"2026-01-27T22:45:56","modified_gmt":"2026-01-27T22:45:56","slug":"pouvoir-des-chats","status":"publish","type":"product","link":"https:\/\/www.v-art.fr\/?product=pouvoir-des-chats","title":{"rendered":"\u2740 Pouvoir des chats"},"content":{"rendered":"<figure id=\"attachment_2771\" aria-describedby=\"caption-attachment-2771\" style=\"width: 2000px\" class=\"wp-caption alignnone\"><img loading=\"lazy\" decoding=\"async\" class=\"wp-image-2771 size-full\" src=\"https:\/\/www.v-art.fr\/wp-content\/uploads\/2024\/01\/Chat_V\u2740.jpg\" alt=\"\" width=\"2000\" height=\"1443\" srcset=\"https:\/\/www.v-art.fr\/wp-content\/uploads\/2024\/01\/Chat_V\u2740.jpg 2000w, https:\/\/www.v-art.fr\/wp-content\/uploads\/2024\/01\/Chat_V\u2740-800x577.jpg 800w, https:\/\/www.v-art.fr\/wp-content\/uploads\/2024\/01\/Chat_V\u2740-300x216.jpg 300w, https:\/\/www.v-art.fr\/wp-content\/uploads\/2024\/01\/Chat_V\u2740-1024x739.jpg 1024w, https:\/\/www.v-art.fr\/wp-content\/uploads\/2024\/01\/Chat_V\u2740-768x554.jpg 768w, https:\/\/www.v-art.fr\/wp-content\/uploads\/2024\/01\/Chat_V\u2740-1536x1108.jpg 1536w, https:\/\/www.v-art.fr\/wp-content\/uploads\/2024\/01\/Chat_V\u2740-83x60.jpg 83w, https:\/\/www.v-art.fr\/wp-content\/uploads\/2024\/01\/Chat_V\u2740-125x90.jpg 125w\" sizes=\"auto, (max-width: 2000px) 100vw, 2000px\" \/><figcaption id=\"caption-attachment-2771\" class=\"wp-caption-text\">Dessin pour Marie, une amie amoureuse de son chat opportuniste. Publication Snap\/CGT.<\/figcaption><\/figure>\n","protected":false},"excerpt":{"rendered":"<p>Format 10\/15 cm. Impression recto\/verso en quadrichromie (couleur) sur papier couch\u00e9 Mat sup\u00e9rieur 350 g\/m\u00b2. Imprim\u00e9 en France sur du papier issu de for\u00eats g\u00e9r\u00e9es durablement (FSC, PEFC). Diffusion Cartaroolotte par V\u2740.<\/p>\n<h4 style=\"text-align: center;\"><a href=\"https:\/\/www.v-art.fr\/?page_id=1117\">\u2740 RETOUR CARTASHOP<\/a><\/h4>\n<p>&nbsp;<\/p>\n<p>&nbsp;<\/p>\n<p>&nbsp;<\/p>\n","protected":false},"featured_media":2771,"comment_status":"open","ping_status":"closed","template":"","meta":{"_uf_show_specific_survey":0,"_uf_disable_surveys":false,"jetpack_post_was_ever_published":true},"product_brand":[],"product_cat":[22],"product_tag":[93,92,114,104],"class_list":{"0":"post-3176","1":"product","2":"type-product","3":"status-publish","4":"has-post-thumbnail","6":"product_cat-cartes-postales","7":"product_tag-carte-postale","8":"product_tag-dessin-dhumour","9":"product_tag-usine","10":"product_tag-v","11":"product_shipping_class-ls","13":"first","14":"instock","15":"featured","16":"shipping-taxable","17":"purchasable","18":"product-type-simple"},"jetpack_sharing_enabled":true,"_links":{"self":[{"href":"https:\/\/www.v-art.fr\/index.php?rest_route=\/wp\/v2\/product\/3176","targetHints":{"allow":["GET"]}}],"collection":[{"href":"https:\/\/www.v-art.fr\/index.php?rest_route=\/wp\/v2\/product"}],"about":[{"href":"https:\/\/www.v-art.fr\/index.php?rest_route=\/wp\/v2\/types\/product"}],"replies":[{"embeddable":true,"href":"https:\/\/www.v-art.fr\/index.php?rest_route=%2Fwp%2Fv2%2Fcomments&post=3176"}],"wp:featuredmedia":[{"embeddable":true,"href":"https:\/\/www.v-art.fr\/index.php?rest_route=\/wp\/v2\/media\/2771"}],"wp:attachment":[{"href":"https:\/\/www.v-art.fr\/index.php?rest_route=%2Fwp%2Fv2%2Fmedia&parent=3176"}],"wp:term":[{"taxonomy":"product_brand","embeddable":true,"href":"https:\/\/www.v-art.fr\/index.php?rest_route=%2Fwp%2Fv2%2Fproduct_brand&post=3176"},{"taxonomy":"product_cat","embeddable":true,"href":"https:\/\/www.v-art.fr\/index.php?rest_route=%2Fwp%2Fv2%2Fproduct_cat&post=3176"},{"taxonomy":"product_tag","embeddable":true,"href":"https:\/\/www.v-art.fr\/index.php?rest_route=%2Fwp%2Fv2%2Fproduct_tag&post=3176"}],"curies":[{"name":"wp","href":"https:\/\/api.w.org\/{rel}","templated":true}]}}