{"id":3162,"date":"2025-01-08T13:20:31","date_gmt":"2025-01-08T13:20:31","guid":{"rendered":"https:\/\/www.v-art.fr\/?post_type=product&#038;p=3162"},"modified":"2026-01-27T22:45:56","modified_gmt":"2026-01-27T22:45:56","slug":"drapeau","status":"publish","type":"product","link":"https:\/\/www.v-art.fr\/?product=drapeau","title":{"rendered":"\u2740 Drapeau"},"content":{"rendered":"<p><img loading=\"lazy\" decoding=\"async\" class=\"alignnone wp-image-2777 size-full\" src=\"https:\/\/www.v-art.fr\/wp-content\/uploads\/2024\/01\/Drapeau_V\u2740.jpg\" alt=\"\" width=\"2000\" height=\"1452\" srcset=\"https:\/\/www.v-art.fr\/wp-content\/uploads\/2024\/01\/Drapeau_V\u2740.jpg 2000w, https:\/\/www.v-art.fr\/wp-content\/uploads\/2024\/01\/Drapeau_V\u2740-800x581.jpg 800w, https:\/\/www.v-art.fr\/wp-content\/uploads\/2024\/01\/Drapeau_V\u2740-300x218.jpg 300w, https:\/\/www.v-art.fr\/wp-content\/uploads\/2024\/01\/Drapeau_V\u2740-1024x743.jpg 1024w, https:\/\/www.v-art.fr\/wp-content\/uploads\/2024\/01\/Drapeau_V\u2740-768x558.jpg 768w, https:\/\/www.v-art.fr\/wp-content\/uploads\/2024\/01\/Drapeau_V\u2740-1536x1115.jpg 1536w, https:\/\/www.v-art.fr\/wp-content\/uploads\/2024\/01\/Drapeau_V\u2740-83x60.jpg 83w, https:\/\/www.v-art.fr\/wp-content\/uploads\/2024\/01\/Drapeau_V\u2740-124x90.jpg 124w\" sizes=\"auto, (max-width: 2000px) 100vw, 2000px\" \/><\/p>\n","protected":false},"excerpt":{"rendered":"<p>\u00ab\u00a0Flo\u00a0\u00bb est mon dessin star. Il s&rsquo;agit de Florence Braud, \u00e9crivaine \u00e0 la plume ac\u00e9r\u00e9e et efficace, publiant dans la revue ASH. Dessin publi\u00e9 dans le dernier opus des \u00c9ditions du Ca\u00efman \u00ab\u00a0Merci la R\u00e9sistance!\u00a0\u00bb, mais aussi dans la journal T\u00e9l\u00e9gramme. Stickers \u00ab\u00a0Flo\u00a0\u00bb disponibles \u00e9galement!<\/p>\n<p>Format 10\/15 cm. Impression recto\/verso en quadrichromie (couleur) sur papier couch\u00e9 Mat sup\u00e9rieur 350 g\/m\u00b2. Imprim\u00e9 en France sur du papier issu de for\u00eats g\u00e9r\u00e9es durablement (FSC, PEFC). Diffusion Cartaroolotte par V\u2740.<\/p>\n<p>&nbsp;<\/p>\n<p>&nbsp;<\/p>\n<p>&nbsp;<\/p>\n","protected":false},"featured_media":2777,"comment_status":"open","ping_status":"closed","template":"","meta":{"_uf_show_specific_survey":0,"_uf_disable_surveys":false,"jetpack_post_was_ever_published":true},"product_brand":[],"product_cat":[22],"product_tag":[93,92,114,104],"class_list":{"0":"post-3162","1":"product","2":"type-product","3":"status-publish","4":"has-post-thumbnail","6":"product_cat-cartes-postales","7":"product_tag-carte-postale","8":"product_tag-dessin-dhumour","9":"product_tag-usine","10":"product_tag-v","11":"product_shipping_class-ls","13":"first","14":"instock","15":"featured","16":"shipping-taxable","17":"purchasable","18":"product-type-simple"},"jetpack_sharing_enabled":true,"_links":{"self":[{"href":"https:\/\/www.v-art.fr\/index.php?rest_route=\/wp\/v2\/product\/3162","targetHints":{"allow":["GET"]}}],"collection":[{"href":"https:\/\/www.v-art.fr\/index.php?rest_route=\/wp\/v2\/product"}],"about":[{"href":"https:\/\/www.v-art.fr\/index.php?rest_route=\/wp\/v2\/types\/product"}],"replies":[{"embeddable":true,"href":"https:\/\/www.v-art.fr\/index.php?rest_route=%2Fwp%2Fv2%2Fcomments&post=3162"}],"wp:featuredmedia":[{"embeddable":true,"href":"https:\/\/www.v-art.fr\/index.php?rest_route=\/wp\/v2\/media\/2777"}],"wp:attachment":[{"href":"https:\/\/www.v-art.fr\/index.php?rest_route=%2Fwp%2Fv2%2Fmedia&parent=3162"}],"wp:term":[{"taxonomy":"product_brand","embeddable":true,"href":"https:\/\/www.v-art.fr\/index.php?rest_route=%2Fwp%2Fv2%2Fproduct_brand&post=3162"},{"taxonomy":"product_cat","embeddable":true,"href":"https:\/\/www.v-art.fr\/index.php?rest_route=%2Fwp%2Fv2%2Fproduct_cat&post=3162"},{"taxonomy":"product_tag","embeddable":true,"href":"https:\/\/www.v-art.fr\/index.php?rest_route=%2Fwp%2Fv2%2Fproduct_tag&post=3162"}],"curies":[{"name":"wp","href":"https:\/\/api.w.org\/{rel}","templated":true}]}}