{"id":3153,"date":"2025-01-08T13:20:31","date_gmt":"2025-01-08T13:20:31","guid":{"rendered":"https:\/\/www.v-art.fr\/?post_type=product&#038;p=3153"},"modified":"2026-01-27T22:45:56","modified_gmt":"2026-01-27T22:45:56","slug":"lesbienne","status":"publish","type":"product","link":"https:\/\/www.v-art.fr\/?product=lesbienne","title":{"rendered":"\u2740 Lesbienne"},"content":{"rendered":"<p>&nbsp;<\/p>\n<figure id=\"attachment_2787\" aria-describedby=\"caption-attachment-2787\" style=\"width: 2000px\" class=\"wp-caption alignnone\"><img loading=\"lazy\" decoding=\"async\" class=\"wp-image-2787 size-full\" src=\"https:\/\/www.v-art.fr\/wp-content\/uploads\/2024\/01\/Lesbienne_V\u2740.jpg\" alt=\"\" width=\"2000\" height=\"1500\" srcset=\"https:\/\/www.v-art.fr\/wp-content\/uploads\/2024\/01\/Lesbienne_V\u2740.jpg 2000w, https:\/\/www.v-art.fr\/wp-content\/uploads\/2024\/01\/Lesbienne_V\u2740-800x600.jpg 800w, https:\/\/www.v-art.fr\/wp-content\/uploads\/2024\/01\/Lesbienne_V\u2740-300x225.jpg 300w, https:\/\/www.v-art.fr\/wp-content\/uploads\/2024\/01\/Lesbienne_V\u2740-1024x768.jpg 1024w, https:\/\/www.v-art.fr\/wp-content\/uploads\/2024\/01\/Lesbienne_V\u2740-768x576.jpg 768w, https:\/\/www.v-art.fr\/wp-content\/uploads\/2024\/01\/Lesbienne_V\u2740-1536x1152.jpg 1536w, https:\/\/www.v-art.fr\/wp-content\/uploads\/2024\/01\/Lesbienne_V\u2740-80x60.jpg 80w, https:\/\/www.v-art.fr\/wp-content\/uploads\/2024\/01\/Lesbienne_V\u2740-120x90.jpg 120w\" sizes=\"auto, (max-width: 2000px) 100vw, 2000px\" \/><figcaption id=\"caption-attachment-2787\" class=\"wp-caption-text\">Ce dessin a \u00e9t\u00e9 fait \u00e0 l&rsquo;occasion de la journ\u00e9e des violences faites aux femmes, puis publi\u00e9 sur un site d\u00e9di\u00e9.<\/figcaption><\/figure>\n","protected":false},"excerpt":{"rendered":"<p>Ce dessin a \u00e9t\u00e9 fait \u00e0 l&rsquo;occasion de la journ\u00e9e des violences faites aux femmes, puis publi\u00e9 sur un site d\u00e9di\u00e9.<\/p>\n<p>Format 10\/15 cm. Impression recto\/verso en quadrichromie (couleur) sur papier couch\u00e9 Mat sup\u00e9rieur 350 g\/m\u00b2. Imprim\u00e9 en France sur du papier issu de for\u00eats g\u00e9r\u00e9es durablement (FSC, PEFC). Diffusion Cartaroolotte par V\u2740.<\/p>\n<h4 style=\"text-align: center;\"><a href=\"https:\/\/www.v-art.fr\/?page_id=1117\">\u2740 RETOUR CARTASHOP<\/a><\/h4>\n<p>&nbsp;<\/p>\n<p>&nbsp;<\/p>\n<p>&nbsp;<\/p>\n","protected":false},"featured_media":2787,"comment_status":"open","ping_status":"closed","template":"","meta":{"_uf_show_specific_survey":0,"_uf_disable_surveys":false,"jetpack_post_was_ever_published":true},"product_brand":[],"product_cat":[22],"product_tag":[93,92,114,104],"class_list":{"0":"post-3153","1":"product","2":"type-product","3":"status-publish","4":"has-post-thumbnail","6":"product_cat-cartes-postales","7":"product_tag-carte-postale","8":"product_tag-dessin-dhumour","9":"product_tag-usine","10":"product_tag-v","11":"product_shipping_class-ls","13":"first","14":"instock","15":"featured","16":"shipping-taxable","17":"purchasable","18":"product-type-simple"},"jetpack_sharing_enabled":true,"_links":{"self":[{"href":"https:\/\/www.v-art.fr\/index.php?rest_route=\/wp\/v2\/product\/3153","targetHints":{"allow":["GET"]}}],"collection":[{"href":"https:\/\/www.v-art.fr\/index.php?rest_route=\/wp\/v2\/product"}],"about":[{"href":"https:\/\/www.v-art.fr\/index.php?rest_route=\/wp\/v2\/types\/product"}],"replies":[{"embeddable":true,"href":"https:\/\/www.v-art.fr\/index.php?rest_route=%2Fwp%2Fv2%2Fcomments&post=3153"}],"wp:featuredmedia":[{"embeddable":true,"href":"https:\/\/www.v-art.fr\/index.php?rest_route=\/wp\/v2\/media\/2787"}],"wp:attachment":[{"href":"https:\/\/www.v-art.fr\/index.php?rest_route=%2Fwp%2Fv2%2Fmedia&parent=3153"}],"wp:term":[{"taxonomy":"product_brand","embeddable":true,"href":"https:\/\/www.v-art.fr\/index.php?rest_route=%2Fwp%2Fv2%2Fproduct_brand&post=3153"},{"taxonomy":"product_cat","embeddable":true,"href":"https:\/\/www.v-art.fr\/index.php?rest_route=%2Fwp%2Fv2%2Fproduct_cat&post=3153"},{"taxonomy":"product_tag","embeddable":true,"href":"https:\/\/www.v-art.fr\/index.php?rest_route=%2Fwp%2Fv2%2Fproduct_tag&post=3153"}],"curies":[{"name":"wp","href":"https:\/\/api.w.org\/{rel}","templated":true}]}}